{"id":192,"date":"2023-10-11T13:03:57","date_gmt":"2023-10-11T11:03:57","guid":{"rendered":"https:\/\/d4area.sk\/contact\/"},"modified":"2025-05-26T07:13:57","modified_gmt":"2025-05-26T05:13:57","slug":"contact","status":"publish","type":"page","link":"https:\/\/d4area.sk\/en\/contact\/","title":{"rendered":"Contact"},"content":{"rendered":"\t\t<div data-elementor-type=\"wp-page\" data-elementor-id=\"192\" class=\"elementor elementor-192 elementor-25\" data-elementor-post-type=\"page\">\n\t\t\t\t<div class=\"elementor-element elementor-element-bb0a71d e-flex e-con-boxed e-con e-parent\" data-id=\"bb0a71d\" data-element_type=\"container\">\n\t\t\t\t\t<div class=\"e-con-inner\">\n\t\t\t\t<div class=\"elementor-element elementor-element-91955dc elementor-widget elementor-widget-heading\" data-id=\"91955dc\" data-element_type=\"widget\" data-widget_type=\"heading.default\">\n\t\t\t\t<div class=\"elementor-widget-container\">\n\t\t\t\t\t<h2 class=\"elementor-heading-title elementor-size-default\">Tom\u00e1\u0161 \u0160tefani\u010dka<\/h2>\t\t\t\t<\/div>\n\t\t\t\t<\/div>\n\t\t\t\t\t<\/div>\n\t\t\t\t<\/div>\n\t\t<div class=\"elementor-element elementor-element-bf4f3d7 e-flex e-con-boxed e-con e-parent\" data-id=\"bf4f3d7\" data-element_type=\"container\">\n\t\t\t\t\t<div class=\"e-con-inner\">\n\t\t\t\t<div class=\"elementor-element elementor-element-18bbd3e elementor-widget elementor-widget-text-editor\" data-id=\"18bbd3e\" data-element_type=\"widget\" data-widget_type=\"text-editor.default\">\n\t\t\t\t<div class=\"elementor-widget-container\">\n\t\t\t\t\t\t\t\t\t<p>Phone: <a href='tel:0905526194'>0905 526 194<\/a>, <a href=\"tel:0948326777\">0948 326 777<\/a><br \/>Email:  <a href='mailto:info@d4area.sk'>info@d4area.sk<\/a><\/p>\n\t\t\t\t\t\t\t\t<\/div>\n\t\t\t\t<\/div>\n\t\t\t\t\t<\/div>\n\t\t\t\t<\/div>\n\t\t<div class=\"elementor-element elementor-element-aa1529c e-flex e-con-boxed e-con e-parent\" data-id=\"aa1529c\" data-element_type=\"container\">\n\t\t\t\t\t<div class=\"e-con-inner\">\n\t\t\t\t<div class=\"elementor-element elementor-element-310d691 elementor-widget elementor-widget-spacer\" data-id=\"310d691\" data-element_type=\"widget\" data-widget_type=\"spacer.default\">\n\t\t\t\t<div class=\"elementor-widget-container\">\n\t\t\t\t\t\t\t<div class=\"elementor-spacer\">\n\t\t\t<div class=\"elementor-spacer-inner\"><\/div>\n\t\t<\/div>\n\t\t\t\t\t\t<\/div>\n\t\t\t\t<\/div>\n\t\t\t\t<div class=\"elementor-element elementor-element-cfa7e9c elementor-arrows-position-outside elementor-pagination-position-outside elementor-widget elementor-widget-image-carousel\" data-id=\"cfa7e9c\" data-element_type=\"widget\" data-settings=\"{&quot;slides_to_show&quot;:&quot;5&quot;,&quot;navigation&quot;:&quot;both&quot;,&quot;autoplay&quot;:&quot;yes&quot;,&quot;pause_on_hover&quot;:&quot;yes&quot;,&quot;pause_on_interaction&quot;:&quot;yes&quot;,&quot;autoplay_speed&quot;:5000,&quot;infinite&quot;:&quot;yes&quot;,&quot;speed&quot;:500,&quot;image_spacing_custom&quot;:{&quot;unit&quot;:&quot;px&quot;,&quot;size&quot;:20,&quot;sizes&quot;:[]},&quot;image_spacing_custom_tablet&quot;:{&quot;unit&quot;:&quot;px&quot;,&quot;size&quot;:&quot;&quot;,&quot;sizes&quot;:[]},&quot;image_spacing_custom_mobile&quot;:{&quot;unit&quot;:&quot;px&quot;,&quot;size&quot;:&quot;&quot;,&quot;sizes&quot;:[]}}\" data-widget_type=\"image-carousel.default\">\n\t\t\t\t<div class=\"elementor-widget-container\">\n\t\t\t\t\t\t\t<div class=\"elementor-image-carousel-wrapper swiper\" role=\"region\" aria-roledescription=\"carousel\" aria-label=\"Image Carousel\" dir=\"ltr\">\n\t\t\t<div class=\"elementor-image-carousel swiper-wrapper swiper-image-stretch\" aria-live=\"off\">\n\t\t\t\t\t\t\t\t<div class=\"swiper-slide\" role=\"group\" aria-roledescription=\"slide\" aria-label=\"1 of 7\"><a data-elementor-open-lightbox=\"yes\" data-elementor-lightbox-slideshow=\"cfa7e9c\" data-elementor-lightbox-title=\"nahlad1\" data-e-action-hash=\"#elementor-action%3Aaction%3Dlightbox%26settings%3DeyJpZCI6MTU1MiwidXJsIjoiaHR0cHM6XC9cL2Q0YXJlYS5za1wvd3AtY29udGVudFwvdXBsb2Fkc1wvMjAyM1wvMTBcL25haGxhZDEtc2NhbGVkLmpwZyIsInNsaWRlc2hvdyI6ImNmYTdlOWMifQ%3D%3D\" href=\"https:\/\/d4area.sk\/wp-content\/uploads\/2023\/10\/nahlad1-scaled.jpg\"><figure class=\"swiper-slide-inner\"><img decoding=\"async\" class=\"swiper-slide-image\" src=\"https:\/\/d4area.sk\/wp-content\/uploads\/2023\/10\/nahlad1-150x150.jpg\" alt=\"nahlad1\" \/><\/figure><\/a><\/div><div class=\"swiper-slide\" role=\"group\" aria-roledescription=\"slide\" aria-label=\"2 of 7\"><a data-elementor-open-lightbox=\"yes\" data-elementor-lightbox-slideshow=\"cfa7e9c\" data-elementor-lightbox-title=\"01\" data-e-action-hash=\"#elementor-action%3Aaction%3Dlightbox%26settings%3DeyJpZCI6MTU1NSwidXJsIjoiaHR0cHM6XC9cL2Q0YXJlYS5za1wvd3AtY29udGVudFwvdXBsb2Fkc1wvMjAyM1wvMTBcLzAxLXNjYWxlZC5qcGciLCJzbGlkZXNob3ciOiJjZmE3ZTljIn0%3D\" href=\"https:\/\/d4area.sk\/wp-content\/uploads\/2023\/10\/01-scaled.jpg\"><figure class=\"swiper-slide-inner\"><img decoding=\"async\" class=\"swiper-slide-image\" src=\"https:\/\/d4area.sk\/wp-content\/uploads\/2023\/10\/01-150x150.jpg\" alt=\"01\" \/><\/figure><\/a><\/div><div class=\"swiper-slide\" role=\"group\" aria-roledescription=\"slide\" aria-label=\"3 of 7\"><a data-elementor-open-lightbox=\"yes\" data-elementor-lightbox-slideshow=\"cfa7e9c\" data-elementor-lightbox-title=\"02\" data-e-action-hash=\"#elementor-action%3Aaction%3Dlightbox%26settings%3DeyJpZCI6MTU1OCwidXJsIjoiaHR0cHM6XC9cL2Q0YXJlYS5za1wvd3AtY29udGVudFwvdXBsb2Fkc1wvMjAyM1wvMTBcLzAyLXNjYWxlZC5qcGciLCJzbGlkZXNob3ciOiJjZmE3ZTljIn0%3D\" href=\"https:\/\/d4area.sk\/wp-content\/uploads\/2023\/10\/02-scaled.jpg\"><figure class=\"swiper-slide-inner\"><img decoding=\"async\" class=\"swiper-slide-image\" src=\"https:\/\/d4area.sk\/wp-content\/uploads\/2023\/10\/02-150x150.jpg\" alt=\"02\" \/><\/figure><\/a><\/div><div class=\"swiper-slide\" role=\"group\" aria-roledescription=\"slide\" aria-label=\"4 of 7\"><a data-elementor-open-lightbox=\"yes\" data-elementor-lightbox-slideshow=\"cfa7e9c\" data-elementor-lightbox-title=\"03\" data-e-action-hash=\"#elementor-action%3Aaction%3Dlightbox%26settings%3DeyJpZCI6MTU2MSwidXJsIjoiaHR0cHM6XC9cL2Q0YXJlYS5za1wvd3AtY29udGVudFwvdXBsb2Fkc1wvMjAyM1wvMTBcLzAzLXNjYWxlZC5qcGciLCJzbGlkZXNob3ciOiJjZmE3ZTljIn0%3D\" href=\"https:\/\/d4area.sk\/wp-content\/uploads\/2023\/10\/03-scaled.jpg\"><figure class=\"swiper-slide-inner\"><img decoding=\"async\" class=\"swiper-slide-image\" src=\"https:\/\/d4area.sk\/wp-content\/uploads\/2023\/10\/03-150x150.jpg\" alt=\"03\" \/><\/figure><\/a><\/div><div class=\"swiper-slide\" role=\"group\" aria-roledescription=\"slide\" aria-label=\"5 of 7\"><a data-elementor-open-lightbox=\"yes\" data-elementor-lightbox-slideshow=\"cfa7e9c\" data-elementor-lightbox-title=\"04\" data-e-action-hash=\"#elementor-action%3Aaction%3Dlightbox%26settings%3DeyJpZCI6MTU2NCwidXJsIjoiaHR0cHM6XC9cL2Q0YXJlYS5za1wvd3AtY29udGVudFwvdXBsb2Fkc1wvMjAyM1wvMTBcLzA0LXNjYWxlZC5qcGciLCJzbGlkZXNob3ciOiJjZmE3ZTljIn0%3D\" href=\"https:\/\/d4area.sk\/wp-content\/uploads\/2023\/10\/04-scaled.jpg\"><figure class=\"swiper-slide-inner\"><img decoding=\"async\" class=\"swiper-slide-image\" src=\"https:\/\/d4area.sk\/wp-content\/uploads\/2023\/10\/04-150x150.jpg\" alt=\"04\" \/><\/figure><\/a><\/div><div class=\"swiper-slide\" role=\"group\" aria-roledescription=\"slide\" aria-label=\"6 of 7\"><a data-elementor-open-lightbox=\"yes\" data-elementor-lightbox-slideshow=\"cfa7e9c\" data-elementor-lightbox-title=\"05\" data-e-action-hash=\"#elementor-action%3Aaction%3Dlightbox%26settings%3DeyJpZCI6MTU2NywidXJsIjoiaHR0cHM6XC9cL2Q0YXJlYS5za1wvd3AtY29udGVudFwvdXBsb2Fkc1wvMjAyM1wvMTBcLzA1LXNjYWxlZC5qcGciLCJzbGlkZXNob3ciOiJjZmE3ZTljIn0%3D\" href=\"https:\/\/d4area.sk\/wp-content\/uploads\/2023\/10\/05-scaled.jpg\"><figure class=\"swiper-slide-inner\"><img decoding=\"async\" class=\"swiper-slide-image\" src=\"https:\/\/d4area.sk\/wp-content\/uploads\/2023\/10\/05-150x150.jpg\" alt=\"05\" \/><\/figure><\/a><\/div><div class=\"swiper-slide\" role=\"group\" aria-roledescription=\"slide\" aria-label=\"7 of 7\"><a data-elementor-open-lightbox=\"yes\" data-elementor-lightbox-slideshow=\"cfa7e9c\" data-elementor-lightbox-title=\"06\" data-e-action-hash=\"#elementor-action%3Aaction%3Dlightbox%26settings%3DeyJpZCI6MTU3MCwidXJsIjoiaHR0cHM6XC9cL2Q0YXJlYS5za1wvd3AtY29udGVudFwvdXBsb2Fkc1wvMjAyM1wvMTBcLzA2LXNjYWxlZC5qcGciLCJzbGlkZXNob3ciOiJjZmE3ZTljIn0%3D\" href=\"https:\/\/d4area.sk\/wp-content\/uploads\/2023\/10\/06-scaled.jpg\"><figure class=\"swiper-slide-inner\"><img decoding=\"async\" class=\"swiper-slide-image\" src=\"https:\/\/d4area.sk\/wp-content\/uploads\/2023\/10\/06-150x150.jpg\" alt=\"06\" \/><\/figure><\/a><\/div>\t\t\t<\/div>\n\t\t\t\t\t\t\t\t\t\t\t\t<div class=\"elementor-swiper-button elementor-swiper-button-prev\" role=\"button\" tabindex=\"0\">\n\t\t\t\t\t\t<i aria-hidden=\"true\" class=\"eicon-chevron-left\"><\/i>\t\t\t\t\t<\/div>\n\t\t\t\t\t<div class=\"elementor-swiper-button elementor-swiper-button-next\" role=\"button\" tabindex=\"0\">\n\t\t\t\t\t\t<i aria-hidden=\"true\" class=\"eicon-chevron-right\"><\/i>\t\t\t\t\t<\/div>\n\t\t\t\t\n\t\t\t\t\t\t\t\t\t<div class=\"swiper-pagination\"><\/div>\n\t\t\t\t\t\t\t\t\t<\/div>\n\t\t\t\t\t\t<\/div>\n\t\t\t\t<\/div>\n\t\t\t\t\t<\/div>\n\t\t\t\t<\/div>\n\t\t\t\t<\/div>\n\t\t","protected":false},"excerpt":{"rendered":"<p>Tom\u00e1\u0161 \u0160tefani\u010dka Phone: , 0948 326 777Email:<\/p>\n","protected":false},"author":1,"featured_media":0,"parent":0,"menu_order":0,"comment_status":"closed","ping_status":"closed","template":"","meta":{"_acf_changed":false,"footnotes":""},"class_list":["post-192","page","type-page","status-publish","hentry"],"acf":[],"_links":{"self":[{"href":"https:\/\/d4area.sk\/en\/wp-json\/wp\/v2\/pages\/192","targetHints":{"allow":["GET"]}}],"collection":[{"href":"https:\/\/d4area.sk\/en\/wp-json\/wp\/v2\/pages"}],"about":[{"href":"https:\/\/d4area.sk\/en\/wp-json\/wp\/v2\/types\/page"}],"author":[{"embeddable":true,"href":"https:\/\/d4area.sk\/en\/wp-json\/wp\/v2\/users\/1"}],"replies":[{"embeddable":true,"href":"https:\/\/d4area.sk\/en\/wp-json\/wp\/v2\/comments?post=192"}],"version-history":[{"count":24,"href":"https:\/\/d4area.sk\/en\/wp-json\/wp\/v2\/pages\/192\/revisions"}],"predecessor-version":[{"id":1788,"href":"https:\/\/d4area.sk\/en\/wp-json\/wp\/v2\/pages\/192\/revisions\/1788"}],"wp:attachment":[{"href":"https:\/\/d4area.sk\/en\/wp-json\/wp\/v2\/media?parent=192"}],"curies":[{"name":"wp","href":"https:\/\/api.w.org\/{rel}","templated":true}]}}